{"id":437,"date":"2020-06-08T18:03:56","date_gmt":"2020-06-08T18:03:56","guid":{"rendered":"https:\/\/gruporedicom.mx\/?page_id=437"},"modified":"2020-07-14T18:34:22","modified_gmt":"2020-07-14T18:34:22","slug":"servicio","status":"publish","type":"page","link":"https:\/\/gruporedicom.mx\/index.php\/servicio\/","title":{"rendered":"servicio"},"content":{"rendered":"<p>[et_pb_section fb_built=\u00bb1&#8243; _builder_version=\u00bb4.4.4&#8243;][et_pb_row _builder_version=\u00bb4.4.4&#8243;][et_pb_column type=\u00bb4_4&#8243; _builder_version=\u00bb4.4.4&#8243;][et_pb_text _builder_version=\u00bb4.4.4&#8243; text_font=\u00bb|700|||||||\u00bb text_font_size=\u00bb45px\u00bb]<\/p>\n<p class=\"entry-title main_title\"><span style=\"color: #000080;\">SERVICIOS<\/span><\/p>\n<p>[\/et_pb_text][et_pb_text _builder_version=\u00bb4.4.4&#8243; text_font_size=\u00bb15px\u00bb ul_line_height=\u00bb1.6em\u00bb]<\/p>\n<p><span style=\"color: #000080;\">El cup\u00f3n de servicio REDIcom incluye 3 servicios b\u00e1sicos en relaci\u00f3n con tus llantas:<\/span><\/p>\n<ul>\n<li><span style=\"color: #000080;\">el desmontaje y montaje<\/span><\/li>\n<li><span style=\"color: #000080;\">el cambio de la v\u00e1lvula<\/span><\/li>\n<li><span style=\"color: #000080;\">el balanceo<\/span><\/li>\n<\/ul>\n<p><span style=\"color: #000080;\">\u00bfEn qu\u00e9 consiste cada uno y por qu\u00e9 es importante que estos servicios se hagan dentro un taller profesional y por parte de un t\u00e9cnico adecuadamente capacitado y equipado?<\/span><\/p>\n<p>[\/et_pb_text][\/et_pb_column][\/et_pb_row][et_pb_row column_structure=\u00bb1_2,1_2&#8243; _builder_version=\u00bb4.4.4&#8243;][et_pb_column type=\u00bb1_2&#8243; _builder_version=\u00bb4.4.4&#8243;][et_pb_text _builder_version=\u00bb4.4.4&#8243;]<\/p>\n<h1><span style=\"color: #000080;\"><strong>Montaje de llantas<\/strong><\/span><\/h1>\n<p><span style=\"color: #000080;\">El montaje de las llantas es necesario y obligatorio y es de los servicios m\u00e1s delicados dado que un mal montaje, podr\u00eda resultar riesgoso.<\/span><br \/> <span style=\"color: #000080;\">Ten en cuenta que con el montaje se pretende pegar y alinear perfectamente el rin con la llanta para que pueda rodar sin problema. A su vez, es importante destacar que cada llanta se debe inflar con la presi\u00f3n adecuada indicada por el fabricante del veh\u00edculo.<\/span><br \/> <span style=\"color: #000080;\">Debes pensar que las m\u00e1quinas de montajes de llantas, han ido evolucionando durante el tiempo y, por tanto, las llantas tambi\u00e9n, por lo que es imprescindible trabajar con maquinaria adaptada a las ruedas de ahora. Adem\u00e1s, esa m\u00e1quina debe funcionar correctamente y tener un buen mantenimiento.<\/span><br \/> <span style=\"color: #000080;\">Debes estar en alerta porque, por desgracia, muchos talleres no trabajan con materiales ni maquinaria adecuada para realizar este tipo de servicios. Tu seguridad est\u00e1 en juego. Y, en ese sentido, no puedes elegir a cualquiera, sino a un taller de confianza, por ejemplo de la Red REDICOM.<\/span><\/p>\n<div class=\"wp-block-column\"><\/div>\n<div class=\"wp-block-columns\">\n<div class=\"wp-block-column\"><\/div>\n<\/div>\n<p>[\/et_pb_text][\/et_pb_column][et_pb_column type=\u00bb1_2&#8243; _builder_version=\u00bb4.4.4&#8243;][et_pb_image src=\u00bbhttps:\/\/gruporedicom.mx\/wp-content\/uploads\/2020\/04\/llanta.jpg\u00bb title_text=\u00bb46062486 &#8211; engineer  balancing  car wheel on balancer in workshop\u00bb _builder_version=\u00bb4.4.4&#8243; width=\u00bb100%\u00bb max_width=\u00bb100%\u00bb custom_margin=\u00bb40px||||false|false\u00bb][\/et_pb_image][\/et_pb_column][\/et_pb_row][et_pb_row column_structure=\u00bb1_2,1_2&#8243; _builder_version=\u00bb4.4.4&#8243;][et_pb_column type=\u00bb1_2&#8243; _builder_version=\u00bb4.4.4&#8243;][et_pb_text _builder_version=\u00bb4.4.4&#8243; text_font_size=\u00bb15px\u00bb]<\/p>\n<h1><span style=\"color: #000080;\"><strong>Cambio de la v\u00e1lvula<\/strong><\/span><\/h1>\n<p><span style=\"color: #000080;\"><span><\/span><br \/> <\/span><\/p>\n<p>[\/et_pb_text][et_pb_text _builder_version=\u00bb4.4.4&#8243; text_font_size=\u00bb15px\u00bb]<\/p>\n<p><span style=\"color: #000080;\">La v\u00e1lvula es un elemento muy importante que participa en la hermeticidad de la llanta, y por lo mismo en la duraci\u00f3n y la seguridad de \u00e9sta. Con el uso una v\u00e1lvula se deteriora, por lo que es obligatorio cambiarla cada vez que cambias tus llantas.<\/span><\/p>\n<p><span style=\"color: #000080;\">Ser\u00eda una l\u00e1stima poner en peligro su propia vida o la duraci\u00f3n de una llanta, solo por querer ahorrarse el precio de una v\u00e1lvula.<br \/> Por eso es importante acudir con un taller especializado que no olvide este paso a la hora<\/span><\/p>\n<p>[\/et_pb_text][\/et_pb_column][et_pb_column type=\u00bb1_2&#8243; _builder_version=\u00bb4.4.4&#8243;][et_pb_image src=\u00bbhttps:\/\/gruporedicom.mx\/wp-content\/uploads\/2020\/04\/valvula2.jpg\u00bb title_text=\u00bbvalvula2&#8243; _builder_version=\u00bb4.4.4&#8243;][\/et_pb_image][\/et_pb_column][\/et_pb_row][et_pb_row column_structure=\u00bb1_2,1_2&#8243; _builder_version=\u00bb4.4.4&#8243;][et_pb_column type=\u00bb1_2&#8243; _builder_version=\u00bb4.4.4&#8243;][et_pb_text _builder_version=\u00bb4.4.4&#8243;]<\/p>\n<h1><span style=\"color: #333399;\"><strong>Balanceo de llantas<\/strong><\/span><\/h1>\n<p>[\/et_pb_text][et_pb_text _builder_version=\u00bb4.4.4&#8243;]<\/p>\n<div class=\"wp-block-column\">\n<p><span style=\"color: #333399;\">El balanceo de las llantas es un proceso fundamental para conseguir la m\u00e1xima seguridad y comodidad mientras conduces. Hay que prestar especial atenci\u00f3n.<\/span><\/p>\n<p><span style=\"color: #333399;\">El balanceo consiste en ajustar los pesos de las llantas y sus rines para mantener un equilibrio correcto entre ambos. Cuando no se realiza el balanceo, se corre el peligro de perder miles de kil\u00f3metros de vida \u00fatil por desgaste prematuro de las llantas y de los amortiguadores y tambi\u00e9n de generar importantes molestias al volante como vibraciones, falta de control en curvas, entre otros.<\/span><\/p>\n<p><span style=\"color: #333399;\">Puedes saber cu\u00e1ndo hay que balancear tus llantas cuando el volante de tu auto empiece a vibrar o este \u00faltimo genere ruidos al circular a ciertas velocidades.<\/span><\/p>\n<p><span style=\"color: #333399;\">Para hacer el balanceo de tus llantas, se requiere de un equipo especializado (balanceadora y dem\u00e1s herramientas) y de un t\u00e9cnico bien entrenado.<\/span><\/p>\n<\/div>\n<p>[\/et_pb_text][\/et_pb_column][et_pb_column type=\u00bb1_2&#8243; _builder_version=\u00bb4.4.4&#8243;][et_pb_image src=\u00bbhttps:\/\/gruporedicom.mx\/wp-content\/uploads\/2020\/07\/balanceo2.jpg\u00bb title_text=\u00bbbalanceo2&#8243; _builder_version=\u00bb4.4.4&#8243; hover_enabled=\u00bb0&#8243;][\/et_pb_image][\/et_pb_column][\/et_pb_row][\/et_pb_section]<\/p>\n","protected":false},"excerpt":{"rendered":"<p>SERVICIOSEl cup\u00f3n de servicio REDIcom incluye 3 servicios b\u00e1sicos en relaci\u00f3n con tus llantas: el desmontaje y montaje el cambio de la v\u00e1lvula el balanceo \u00bfEn qu\u00e9 consiste cada uno y por qu\u00e9 es importante que estos servicios se hagan dentro un taller profesional y por parte de un t\u00e9cnico adecuadamente capacitado y equipado?Montaje de [&hellip;]<\/p>\n","protected":false},"author":1,"featured_media":0,"parent":0,"menu_order":0,"comment_status":"closed","ping_status":"closed","template":"","meta":{"_et_pb_use_builder":"on","_et_pb_old_content":"","_et_gb_content_width":"","footnotes":""},"class_list":["post-437","page","type-page","status-publish","hentry"],"yoast_head":"<!-- This site is optimized with the Yoast SEO plugin v24.4 - https:\/\/yoast.com\/wordpress\/plugins\/seo\/ -->\n<title>servicio - redicom<\/title>\n<meta name=\"robots\" content=\"index, follow, max-snippet:-1, max-image-preview:large, max-video-preview:-1\" \/>\n<link rel=\"canonical\" href=\"https:\/\/gruporedicom.mx\/index.php\/servicio\/\" \/>\n<meta property=\"og:locale\" content=\"es_ES\" \/>\n<meta property=\"og:type\" content=\"article\" \/>\n<meta property=\"og:title\" content=\"servicio - redicom\" \/>\n<meta property=\"og:description\" content=\"SERVICIOSEl cup\u00f3n de servicio REDIcom incluye 3 servicios b\u00e1sicos en relaci\u00f3n con tus llantas: el desmontaje y montaje el cambio de la v\u00e1lvula el balanceo \u00bfEn qu\u00e9 consiste cada uno y por qu\u00e9 es importante que estos servicios se hagan dentro un taller profesional y por parte de un t\u00e9cnico adecuadamente capacitado y equipado?Montaje de [&hellip;]\" \/>\n<meta property=\"og:url\" content=\"https:\/\/gruporedicom.mx\/index.php\/servicio\/\" \/>\n<meta property=\"og:site_name\" content=\"redicom\" \/>\n<meta property=\"article:modified_time\" content=\"2020-07-14T18:34:22+00:00\" \/>\n<meta name=\"twitter:card\" content=\"summary_large_image\" \/>\n<meta name=\"twitter:label1\" content=\"Tiempo de lectura\" \/>\n\t<meta name=\"twitter:data1\" content=\"4 minutos\" \/>\n<script type=\"application\/ld+json\" class=\"yoast-schema-graph\">{\"@context\":\"https:\/\/schema.org\",\"@graph\":[{\"@type\":\"WebPage\",\"@id\":\"https:\/\/gruporedicom.mx\/index.php\/servicio\/\",\"url\":\"https:\/\/gruporedicom.mx\/index.php\/servicio\/\",\"name\":\"servicio - redicom\",\"isPartOf\":{\"@id\":\"https:\/\/gruporedicom.mx\/#website\"},\"datePublished\":\"2020-06-08T18:03:56+00:00\",\"dateModified\":\"2020-07-14T18:34:22+00:00\",\"breadcrumb\":{\"@id\":\"https:\/\/gruporedicom.mx\/index.php\/servicio\/#breadcrumb\"},\"inLanguage\":\"es\",\"potentialAction\":[{\"@type\":\"ReadAction\",\"target\":[\"https:\/\/gruporedicom.mx\/index.php\/servicio\/\"]}]},{\"@type\":\"BreadcrumbList\",\"@id\":\"https:\/\/gruporedicom.mx\/index.php\/servicio\/#breadcrumb\",\"itemListElement\":[{\"@type\":\"ListItem\",\"position\":1,\"name\":\"Portada\",\"item\":\"https:\/\/gruporedicom.mx\/\"},{\"@type\":\"ListItem\",\"position\":2,\"name\":\"servicio\"}]},{\"@type\":\"WebSite\",\"@id\":\"https:\/\/gruporedicom.mx\/#website\",\"url\":\"https:\/\/gruporedicom.mx\/\",\"name\":\"redicom\",\"description\":\"- Venta en linea de llantas\",\"potentialAction\":[{\"@type\":\"SearchAction\",\"target\":{\"@type\":\"EntryPoint\",\"urlTemplate\":\"https:\/\/gruporedicom.mx\/?s={search_term_string}\"},\"query-input\":{\"@type\":\"PropertyValueSpecification\",\"valueRequired\":true,\"valueName\":\"search_term_string\"}}],\"inLanguage\":\"es\"}]}<\/script>\n<!-- \/ Yoast SEO plugin. -->","yoast_head_json":{"title":"servicio - redicom","robots":{"index":"index","follow":"follow","max-snippet":"max-snippet:-1","max-image-preview":"max-image-preview:large","max-video-preview":"max-video-preview:-1"},"canonical":"https:\/\/gruporedicom.mx\/index.php\/servicio\/","og_locale":"es_ES","og_type":"article","og_title":"servicio - redicom","og_description":"SERVICIOSEl cup\u00f3n de servicio REDIcom incluye 3 servicios b\u00e1sicos en relaci\u00f3n con tus llantas: el desmontaje y montaje el cambio de la v\u00e1lvula el balanceo \u00bfEn qu\u00e9 consiste cada uno y por qu\u00e9 es importante que estos servicios se hagan dentro un taller profesional y por parte de un t\u00e9cnico adecuadamente capacitado y equipado?Montaje de [&hellip;]","og_url":"https:\/\/gruporedicom.mx\/index.php\/servicio\/","og_site_name":"redicom","article_modified_time":"2020-07-14T18:34:22+00:00","twitter_card":"summary_large_image","twitter_misc":{"Tiempo de lectura":"4 minutos"},"schema":{"@context":"https:\/\/schema.org","@graph":[{"@type":"WebPage","@id":"https:\/\/gruporedicom.mx\/index.php\/servicio\/","url":"https:\/\/gruporedicom.mx\/index.php\/servicio\/","name":"servicio - redicom","isPartOf":{"@id":"https:\/\/gruporedicom.mx\/#website"},"datePublished":"2020-06-08T18:03:56+00:00","dateModified":"2020-07-14T18:34:22+00:00","breadcrumb":{"@id":"https:\/\/gruporedicom.mx\/index.php\/servicio\/#breadcrumb"},"inLanguage":"es","potentialAction":[{"@type":"ReadAction","target":["https:\/\/gruporedicom.mx\/index.php\/servicio\/"]}]},{"@type":"BreadcrumbList","@id":"https:\/\/gruporedicom.mx\/index.php\/servicio\/#breadcrumb","itemListElement":[{"@type":"ListItem","position":1,"name":"Portada","item":"https:\/\/gruporedicom.mx\/"},{"@type":"ListItem","position":2,"name":"servicio"}]},{"@type":"WebSite","@id":"https:\/\/gruporedicom.mx\/#website","url":"https:\/\/gruporedicom.mx\/","name":"redicom","description":"- Venta en linea de llantas","potentialAction":[{"@type":"SearchAction","target":{"@type":"EntryPoint","urlTemplate":"https:\/\/gruporedicom.mx\/?s={search_term_string}"},"query-input":{"@type":"PropertyValueSpecification","valueRequired":true,"valueName":"search_term_string"}}],"inLanguage":"es"}]}},"_links":{"self":[{"href":"https:\/\/gruporedicom.mx\/index.php\/wp-json\/wp\/v2\/pages\/437","targetHints":{"allow":["GET"]}}],"collection":[{"href":"https:\/\/gruporedicom.mx\/index.php\/wp-json\/wp\/v2\/pages"}],"about":[{"href":"https:\/\/gruporedicom.mx\/index.php\/wp-json\/wp\/v2\/types\/page"}],"author":[{"embeddable":true,"href":"https:\/\/gruporedicom.mx\/index.php\/wp-json\/wp\/v2\/users\/1"}],"replies":[{"embeddable":true,"href":"https:\/\/gruporedicom.mx\/index.php\/wp-json\/wp\/v2\/comments?post=437"}],"version-history":[{"count":5,"href":"https:\/\/gruporedicom.mx\/index.php\/wp-json\/wp\/v2\/pages\/437\/revisions"}],"predecessor-version":[{"id":476,"href":"https:\/\/gruporedicom.mx\/index.php\/wp-json\/wp\/v2\/pages\/437\/revisions\/476"}],"wp:attachment":[{"href":"https:\/\/gruporedicom.mx\/index.php\/wp-json\/wp\/v2\/media?parent=437"}],"curies":[{"name":"wp","href":"https:\/\/api.w.org\/{rel}","templated":true}]}}